{"id":171,"date":"2022-06-26T21:16:11","date_gmt":"2022-06-26T19:16:11","guid":{"rendered":"https:\/\/sailing-albania.com\/?post_type=product&#038;p=171"},"modified":"2022-08-02T10:18:04","modified_gmt":"2022-08-02T08:18:04","slug":"sunset-trip","status":"publish","type":"product","link":"https:\/\/sailing-albania.com\/?product=sunset-trip","title":{"rendered":"Sunset Trip 17:00 &#8211; 21:00"},"content":{"rendered":"<p><span style=\"font-weight: 400;\">We start at 17:00 from hotel Klajdi or hotel Brilliant or Plazh (days below). Guests come on board our big and comfortable catamaran and receive a warm welcome from our Polish captain and hostess. After a short safety briefing, we sail away from the dock. <\/span><\/p>\n<p><span style=\"font-weight: 400;\">The catamaran has a lot of comfortable mattresses to lay down and places to relax. With nice music in the background, a glass of wine or beer in their hands and amazing views available only from the sea, guests are enjoying sailing towards wild bay which will take about an 1 &#8211; 1.5 hour. We observe from the sea perspective stunning views of the wild bay bathed in the setting sun during magic hour. We stop for a swimming stop (around 1 hour). <\/span><\/p>\n<p><span style=\"font-weight: 400;\">Guests can jump into the water from the boat, they can use all the big amazing inflatable toys such as pink flamingos, unicorns, water mattresses and rings (in which they can relax with a drink in their hands). <\/span><\/p>\n<p><span style=\"font-weight: 400;\">Swimming just before sunset is really beautiful and romantic &#8211; a totally unforgettable experience. We serve small aperitivo and a glass of wine \/ beer and enjoy a beautiful sunset with chillout music in the background. <\/span><\/p>\n<p><span style=\"font-weight: 400;\">We sail back to the starting point (around 30 min), just in time for dinner \ud83d\ude42<\/span><\/p>\n<p>&nbsp;<\/p>\n<p><span style=\"font-weight: 400;\">Zbi\u00f3rka o 16:30. Zaczynamy o 17:00 z hotelu Klajdi, Hotelu Brilliant lub Plazh (w zale\u017cno\u015bci od dnia).<\/span><\/p>\n<p><span style=\"font-weight: 400;\"> Witamy naszych go\u015bci na pok\u0142adzie naszego jachtu (Polski kapitan oraz hostessa). <\/span><\/p>\n<p><span style=\"font-weight: 400;\">Po kr\u00f3tkiej odprawie BHP ruszamy w kierunku dzikiej pla\u017cy otoczonej pi\u0119knymi klifami. <\/span><\/p>\n<p><span style=\"font-weight: 400;\">Katamaran posiada wygodne materace do po\u0142o\u017cenia si\u0119 i relaksu. P\u0142yniemy w kierunku miejsca, gdzie rzucimy kotwic\u0119 i b\u0119dziemy p\u0142ywa\u0107 z dala od turyst\u00f3w i t\u0142um\u00f3w, co zajmuje oko\u0142o godziny. Stajemy przy pi\u0119knej dzikiej pla\u017cy, gdzie mo\u017cna dop\u0142yn\u0105\u0107 do brzegu wp\u0142aw lub korzysta\u0107 z k\u0105pieli wok\u00f3\u0142 jachtu. Do dyspozycji naszych go\u015bci liczne p\u0142ywaj\u0105ce dmucha\u0144ce jak flamingi, materace, k\u00f3\u0142ka itd. <\/span><\/p>\n<p><span style=\"font-weight: 400;\">Podczas stopu serwujemy elegancki pocz\u0119stunek oraz lampk\u0119 wina lub piwo. Idealny czas na relaks na wodzie z dala od t\u0142um\u00f3w z ch\u0142odnym drinkiem w r\u0119ku. Po oko\u0142o 1.5 godziny k\u0105pieli \u017ceglujemy przez oko\u0142o 30 minut do miejsca, z kt\u00f3rego jest najpi\u0119kniejszy zach\u00f3d s\u0142o\u0144ca w okolicach Durres &#8211; szansa na pi\u0119kne zdj\u0119cia na dziobie lub na siatkach wisz\u0105cych nad wod\u0105, \u017ceglarskie aktywno\u015bci dla ch\u0119tnych lub odpoczynek na pok\u0142adzie. <\/span><\/p>\n<p><span style=\"font-weight: 400;\">Wracamy oko\u0142o 21:00.<\/span><\/p>\n<p><span style=\"font-weight: 400;\">Uwaga: ze wzgl\u0119du na pogod\u0119 trasy oraz czas trwania rejsu mo\u017ce ulec zmianie.<\/span><\/p>\n","protected":false},"excerpt":{"rendered":"<p><span style=\"font-weight: 400;\">SUNSET CRUISE 17:00 &#8211; 21:00<\/span><\/p>\n<p><strong>STARTING POINTS:<\/strong><\/p>\n<p><span style=\"font-weight: 400;\">Tuesday-Wednesday-Thursday: Hotel KLAJDI (Golem)<\/span><\/p>\n<p><span style=\"font-weight: 400;\">Friday-Saturday: Hotel BRILLIANT (Qerret)<\/span><\/p>\n<p><span style=\"font-weight: 400;\">Sunday-Monday: Plazh (next to Royal G and Palace)<\/span><\/p>\n<p><strong>MIEJSCA STARTU:<\/strong><\/p>\n<p><span style=\"font-weight: 400;\">Wtorek-\u015broda-czwartek: hotel Klajdi (Golem)<\/span><\/p>\n<p><span style=\"font-weight: 400;\">pi\u0105tek-sobota: hotel Brilliant (Qerret)<\/span><\/p>\n<p><span style=\"font-weight: 400;\">niedziela-poniedzia\u0142ek: Plazh<\/span><\/p>\n","protected":false},"featured_media":38,"template":"","meta":[],"product_cat":[31],"product_tag":[],"class_list":{"0":"post-171","1":"product","2":"type-product","3":"status-publish","4":"has-post-thumbnail","6":"product_cat-afternoon","8":"first","9":"instock","10":"virtual","11":"sold-individually","12":"purchasable","13":"product-type-booking"},"yoast_head":"<!-- This site is optimized with the Yoast SEO plugin v19.4 - https:\/\/yoast.com\/wordpress\/plugins\/seo\/ -->\n<title>Sunset Trip 17:00 - 21:00 - Sailing Albania<\/title>\n<meta name=\"robots\" content=\"index, follow, max-snippet:-1, max-image-preview:large, max-video-preview:-1\" \/>\n<link rel=\"canonical\" href=\"https:\/\/sailing-albania.com\/?product=sunset-trip\" \/>\n<meta property=\"og:locale\" content=\"en_US\" \/>\n<meta property=\"og:type\" content=\"article\" \/>\n<meta property=\"og:title\" content=\"Sunset Trip 17:00 - 21:00 - Sailing Albania\" \/>\n<meta property=\"og:description\" content=\"SUNSET CRUISE 17:00 - 21:00  STARTING POINTS:  Tuesday-Wednesday-Thursday: Hotel KLAJDI (Golem)  Friday-Saturday: Hotel BRILLIANT (Qerret)  Sunday-Monday: Plazh (next to Royal G and Palace)  MIEJSCA STARTU:  Wtorek-\u015broda-czwartek: hotel Klajdi (Golem)  pi\u0105tek-sobota: hotel Brilliant (Qerret)  niedziela-poniedzia\u0142ek: Plazh\" \/>\n<meta property=\"og:url\" content=\"https:\/\/sailing-albania.com\/?product=sunset-trip\" \/>\n<meta property=\"og:site_name\" content=\"Sailing Albania\" \/>\n<meta property=\"article:modified_time\" content=\"2022-08-02T08:18:04+00:00\" \/>\n<meta property=\"og:image\" content=\"https:\/\/sailing-albania.com\/wp-content\/uploads\/2022\/06\/danny-piper-B37T6tncUP8-unsplash_optimized-scaled.jpeg\" \/>\n\t<meta property=\"og:image:width\" content=\"2560\" \/>\n\t<meta property=\"og:image:height\" content=\"1707\" \/>\n\t<meta property=\"og:image:type\" content=\"image\/jpeg\" \/>\n<meta name=\"twitter:card\" content=\"summary_large_image\" \/>\n<meta name=\"twitter:label1\" content=\"Est. reading time\" \/>\n\t<meta name=\"twitter:data1\" content=\"2 minutes\" \/>\n<script type=\"application\/ld+json\" class=\"yoast-schema-graph\">{\"@context\":\"https:\/\/schema.org\",\"@graph\":[{\"@type\":\"WebSite\",\"@id\":\"https:\/\/sailing-albania.com\/#website\",\"url\":\"https:\/\/sailing-albania.com\/\",\"name\":\"Sailing Albania\",\"description\":\"Sailing trips in Albania\",\"potentialAction\":[{\"@type\":\"SearchAction\",\"target\":{\"@type\":\"EntryPoint\",\"urlTemplate\":\"https:\/\/sailing-albania.com\/?s={search_term_string}\"},\"query-input\":\"required name=search_term_string\"}],\"inLanguage\":\"en-US\"},{\"@type\":\"WebPage\",\"@id\":\"https:\/\/sailing-albania.com\/?product=sunset-trip\",\"url\":\"https:\/\/sailing-albania.com\/?product=sunset-trip\",\"name\":\"Sunset Trip 17:00 - 21:00 - Sailing Albania\",\"isPartOf\":{\"@id\":\"https:\/\/sailing-albania.com\/#website\"},\"datePublished\":\"2022-06-26T19:16:11+00:00\",\"dateModified\":\"2022-08-02T08:18:04+00:00\",\"breadcrumb\":{\"@id\":\"https:\/\/sailing-albania.com\/?product=sunset-trip#breadcrumb\"},\"inLanguage\":\"en-US\",\"potentialAction\":[{\"@type\":\"ReadAction\",\"target\":[\"https:\/\/sailing-albania.com\/?product=sunset-trip\"]}]},{\"@type\":\"BreadcrumbList\",\"@id\":\"https:\/\/sailing-albania.com\/?product=sunset-trip#breadcrumb\",\"itemListElement\":[{\"@type\":\"ListItem\",\"position\":1,\"name\":\"Home\",\"item\":\"https:\/\/sailing-albania.com\/\"},{\"@type\":\"ListItem\",\"position\":2,\"name\":\"Sklep\",\"item\":\"https:\/\/sailing-albania.com\/?page_id=9\"},{\"@type\":\"ListItem\",\"position\":3,\"name\":\"Sunset Trip 17:00 &#8211; 21:00\"}]}]}<\/script>\n<!-- \/ Yoast SEO plugin. -->","yoast_head_json":{"title":"Sunset Trip 17:00 - 21:00 - Sailing Albania","robots":{"index":"index","follow":"follow","max-snippet":"max-snippet:-1","max-image-preview":"max-image-preview:large","max-video-preview":"max-video-preview:-1"},"canonical":"https:\/\/sailing-albania.com\/?product=sunset-trip","og_locale":"en_US","og_type":"article","og_title":"Sunset Trip 17:00 - 21:00 - Sailing Albania","og_description":"SUNSET CRUISE 17:00 - 21:00  STARTING POINTS:  Tuesday-Wednesday-Thursday: Hotel KLAJDI (Golem)  Friday-Saturday: Hotel BRILLIANT (Qerret)  Sunday-Monday: Plazh (next to Royal G and Palace)  MIEJSCA STARTU:  Wtorek-\u015broda-czwartek: hotel Klajdi (Golem)  pi\u0105tek-sobota: hotel Brilliant (Qerret)  niedziela-poniedzia\u0142ek: Plazh","og_url":"https:\/\/sailing-albania.com\/?product=sunset-trip","og_site_name":"Sailing Albania","article_modified_time":"2022-08-02T08:18:04+00:00","og_image":[{"width":2560,"height":1707,"url":"https:\/\/sailing-albania.com\/wp-content\/uploads\/2022\/06\/danny-piper-B37T6tncUP8-unsplash_optimized-scaled.jpeg","type":"image\/jpeg"}],"twitter_card":"summary_large_image","twitter_misc":{"Est. reading time":"2 minutes"},"schema":{"@context":"https:\/\/schema.org","@graph":[{"@type":"WebSite","@id":"https:\/\/sailing-albania.com\/#website","url":"https:\/\/sailing-albania.com\/","name":"Sailing Albania","description":"Sailing trips in Albania","potentialAction":[{"@type":"SearchAction","target":{"@type":"EntryPoint","urlTemplate":"https:\/\/sailing-albania.com\/?s={search_term_string}"},"query-input":"required name=search_term_string"}],"inLanguage":"en-US"},{"@type":"WebPage","@id":"https:\/\/sailing-albania.com\/?product=sunset-trip","url":"https:\/\/sailing-albania.com\/?product=sunset-trip","name":"Sunset Trip 17:00 - 21:00 - Sailing Albania","isPartOf":{"@id":"https:\/\/sailing-albania.com\/#website"},"datePublished":"2022-06-26T19:16:11+00:00","dateModified":"2022-08-02T08:18:04+00:00","breadcrumb":{"@id":"https:\/\/sailing-albania.com\/?product=sunset-trip#breadcrumb"},"inLanguage":"en-US","potentialAction":[{"@type":"ReadAction","target":["https:\/\/sailing-albania.com\/?product=sunset-trip"]}]},{"@type":"BreadcrumbList","@id":"https:\/\/sailing-albania.com\/?product=sunset-trip#breadcrumb","itemListElement":[{"@type":"ListItem","position":1,"name":"Home","item":"https:\/\/sailing-albania.com\/"},{"@type":"ListItem","position":2,"name":"Sklep","item":"https:\/\/sailing-albania.com\/?page_id=9"},{"@type":"ListItem","position":3,"name":"Sunset Trip 17:00 &#8211; 21:00"}]}]}},"_links":{"self":[{"href":"https:\/\/sailing-albania.com\/index.php?rest_route=\/wp\/v2\/product\/171","targetHints":{"allow":["GET"]}}],"collection":[{"href":"https:\/\/sailing-albania.com\/index.php?rest_route=\/wp\/v2\/product"}],"about":[{"href":"https:\/\/sailing-albania.com\/index.php?rest_route=\/wp\/v2\/types\/product"}],"wp:featuredmedia":[{"embeddable":true,"href":"https:\/\/sailing-albania.com\/index.php?rest_route=\/wp\/v2\/media\/38"}],"wp:attachment":[{"href":"https:\/\/sailing-albania.com\/index.php?rest_route=%2Fwp%2Fv2%2Fmedia&parent=171"}],"wp:term":[{"taxonomy":"product_cat","embeddable":true,"href":"https:\/\/sailing-albania.com\/index.php?rest_route=%2Fwp%2Fv2%2Fproduct_cat&post=171"},{"taxonomy":"product_tag","embeddable":true,"href":"https:\/\/sailing-albania.com\/index.php?rest_route=%2Fwp%2Fv2%2Fproduct_tag&post=171"}],"curies":[{"name":"wp","href":"https:\/\/api.w.org\/{rel}","templated":true}]}}