{"id":17,"date":"2022-06-20T22:04:12","date_gmt":"2022-06-20T20:04:12","guid":{"rendered":"https:\/\/sailing-albania.com\/?post_type=product&#038;p=17"},"modified":"2022-07-27T11:23:37","modified_gmt":"2022-07-27T09:23:37","slug":"day-trip","status":"publish","type":"product","link":"https:\/\/sailing-albania.com\/?product=day-trip","title":{"rendered":"Day Trip 10:00 &#8211; 14:00"},"content":{"rendered":"<p><span style=\"font-weight: 400;\">We meet at 09:30. We start at 10:00 from hotel Klajdi or hotel Brilliant or Plazh (next to Hotel Palace \/ Teuta pier). Guests come on board our big and comfortable catamaran and receive a warm welcome from our Polish captain and hostess. After a short safety briefing, we sail away from the dock. <\/span><\/p>\n<p><span style=\"font-weight: 400;\">The catamaran has a lot of comfortable mattresses to lay down and places to relax. With nice music in the background, a glass of wine or beer in their hands and amazing views available only from the sea, guests are enjoying sailing towards the swimming spot, which will take about an hour. <\/span><\/p>\n<p><span style=\"font-weight: 400;\">We stop in the wild bay, put an anchor in the sea and begin swimming time! <\/span><\/p>\n<p><span style=\"font-weight: 400;\">Guests can jump into the water from the boat, they can use all the big amazing inflatable toys such as pink flamingos, unicorns, water mattresses and rings (in which they can relax with a drink in their hands). <\/span><\/p>\n<p><span style=\"font-weight: 400;\">If they like, they can swim to the wild beach. Swimming stop will last about 1-2 hours. During that time we will also serve local aperitivo. On our way back there will be a possibility to take amazing photos from the bow, relaxing on the net above the water, sunbathing (or staying in the shadow, if prefered). <\/span><\/p>\n<p><span style=\"font-weight: 400;\">For those that are willing to learn and spend time more actively, a chance to steer the boat, learn to tie the knot, pull a robe and other sailing activities. <\/span><\/p>\n<p><span style=\"font-weight: 400;\">We arrive back around 14:00 with amazing memories from the sea (and beautiful pictures) \ud83d\ude42<\/span><\/p>\n<p>&nbsp;<\/p>\n<p><span style=\"font-weight: 400;\">Zbi\u00f3rka o 09:30. Zaczynamy o 10:00 z hotelu Klajdi, Hotelu Brilliant lub Plazh &#8211; okolice hotelu Palace \/ Teuta molo (w zale\u017cno\u015bci od dnia). <\/span><\/p>\n<p><span style=\"font-weight: 400;\">Witamy naszych go\u015bci na pok\u0142adzie naszego jachtu (Polski kapitan oraz hostessa). <\/span><\/p>\n<p><span style=\"font-weight: 400;\">Po kr\u00f3tkiej odprawie BHP ruszamy w kierunku dzikiej pla\u017cy otoczonej pi\u0119knymi klifami. <\/span><\/p>\n<p><span style=\"font-weight: 400;\">Katamaran posiada wygodne materace do po\u0142o\u017cenia si\u0119 i relaksu. P\u0142yniemy w kierunku miejsca, gdzie rzucimy kotwic\u0119 i b\u0119dziemy p\u0142ywa\u0107 z dala od turyst\u00f3w i t\u0142um\u00f3w, co zajmuje oko\u0142o godziny. <\/span><\/p>\n<p><span style=\"font-weight: 400;\">Stajemy przy pi\u0119knej dzikiej pla\u017cy, gdzie mo\u017cna dop\u0142yn\u0105\u0107 do brzegu lub korzysta\u0107 z k\u0105pieli wok\u00f3\u0142 jachtu. Do dyspozycji naszych go\u015bci liczne p\u0142ywaj\u0105ce dmucha\u0144ce jak flamingi, materace, k\u00f3\u0142ka itd. <\/span><\/p>\n<p><span style=\"font-weight: 400;\">Podczas stopu serwujemy elegancki pocz\u0119stunek oraz lampk\u0119 wina lub piwo. Idealny czas na relaks na wodzie z dala od t\u0142um\u00f3w z ch\u0142odnym drinkiem w r\u0119ku. <\/span><\/p>\n<p><span style=\"font-weight: 400;\">Po oko\u0142o 1-2 godzinach \u017ceglujemy z powrotem przez oko\u0142o godzin\u0119 &#8211; szansa na pi\u0119kne zdj\u0119cia na dziobie lub na siatkach wisz\u0105cych nad wod\u0105, \u017ceglarskie aktywno\u015bci dla ch\u0119tnych lub odpoczynek na pok\u0142adzie. Wracamy oko\u0142o 14:00.<\/span><\/p>\n<p><span style=\"font-weight: 400;\">Uwaga: ze wzgl\u0119du na pogod\u0119 trasy oraz czas trwania rejsu mo\u017ce ulec zmianie.<\/span><\/p>\n","protected":false},"excerpt":{"rendered":"<p><span style=\"font-weight: 400;\">MORNING CRUISE 10:00 &#8211; 14:00.<\/span><\/p>\n<p><strong>STARTING POINTS:<\/strong><\/p>\n<p><span style=\"font-weight: 400;\">Tuesday-Wednesday-Thursday: Hotel KLAJDI (Golem)<\/span><\/p>\n<p><span style=\"font-weight: 400;\">Friday-Saturday: Hotel BRILLIANT (Qerret)<\/span><\/p>\n<p><span style=\"font-weight: 400;\">Sunday-Monday: Plazh (next to Royal G and Palace)<\/span><\/p>\n<p><strong>MIEJSCA STARTU:<\/strong><\/p>\n<p><span style=\"font-weight: 400;\">Wtorek-\u015broda-czwartek: hotel Klajdi (Golem)<\/span><\/p>\n<p><span style=\"font-weight: 400;\">pi\u0105tek-sobota: hotel Brilliant (Qerret)<\/span><\/p>\n<p><span style=\"font-weight: 400;\">niedziela-poniedzia\u0142ek: Plazh<\/span><\/p>\n","protected":false},"featured_media":42,"template":"","meta":[],"product_cat":[30],"product_tag":[],"class_list":{"0":"post-17","1":"product","2":"type-product","3":"status-publish","4":"has-post-thumbnail","6":"product_cat-morning","8":"first","9":"instock","10":"virtual","11":"sold-individually","12":"purchasable","13":"product-type-booking"},"yoast_head":"<!-- This site is optimized with the Yoast SEO plugin v19.4 - https:\/\/yoast.com\/wordpress\/plugins\/seo\/ -->\n<title>Day Trip 10:00 - 14:00 - Sailing Albania<\/title>\n<meta name=\"robots\" content=\"index, follow, max-snippet:-1, max-image-preview:large, max-video-preview:-1\" \/>\n<link rel=\"canonical\" href=\"https:\/\/sailing-albania.com\/?product=day-trip\" \/>\n<meta property=\"og:locale\" content=\"en_US\" \/>\n<meta property=\"og:type\" content=\"article\" \/>\n<meta property=\"og:title\" content=\"Day Trip 10:00 - 14:00 - Sailing Albania\" \/>\n<meta property=\"og:description\" content=\"MORNING CRUISE 10:00 - 14:00.  STARTING POINTS:  Tuesday-Wednesday-Thursday: Hotel KLAJDI (Golem)  Friday-Saturday: Hotel BRILLIANT (Qerret)  Sunday-Monday: Plazh (next to Royal G and Palace)  MIEJSCA STARTU:  Wtorek-\u015broda-czwartek: hotel Klajdi (Golem)  pi\u0105tek-sobota: hotel Brilliant (Qerret)  niedziela-poniedzia\u0142ek: Plazh\" \/>\n<meta property=\"og:url\" content=\"https:\/\/sailing-albania.com\/?product=day-trip\" \/>\n<meta property=\"og:site_name\" content=\"Sailing Albania\" \/>\n<meta property=\"article:modified_time\" content=\"2022-07-27T09:23:37+00:00\" \/>\n<meta property=\"og:image\" content=\"https:\/\/sailing-albania.com\/wp-content\/uploads\/2022\/06\/meritt-thomas-KTYjVDmN4A4-unsplash_optimized-scaled.jpg\" \/>\n\t<meta property=\"og:image:width\" content=\"2560\" \/>\n\t<meta property=\"og:image:height\" content=\"1440\" \/>\n\t<meta property=\"og:image:type\" content=\"image\/jpeg\" \/>\n<meta name=\"twitter:card\" content=\"summary_large_image\" \/>\n<meta name=\"twitter:label1\" content=\"Est. reading time\" \/>\n\t<meta name=\"twitter:data1\" content=\"2 minutes\" \/>\n<script type=\"application\/ld+json\" class=\"yoast-schema-graph\">{\"@context\":\"https:\/\/schema.org\",\"@graph\":[{\"@type\":\"WebSite\",\"@id\":\"https:\/\/sailing-albania.com\/#website\",\"url\":\"https:\/\/sailing-albania.com\/\",\"name\":\"Sailing Albania\",\"description\":\"Sailing trips in Albania\",\"potentialAction\":[{\"@type\":\"SearchAction\",\"target\":{\"@type\":\"EntryPoint\",\"urlTemplate\":\"https:\/\/sailing-albania.com\/?s={search_term_string}\"},\"query-input\":\"required name=search_term_string\"}],\"inLanguage\":\"en-US\"},{\"@type\":\"WebPage\",\"@id\":\"https:\/\/sailing-albania.com\/?product=day-trip\",\"url\":\"https:\/\/sailing-albania.com\/?product=day-trip\",\"name\":\"Day Trip 10:00 - 14:00 - Sailing Albania\",\"isPartOf\":{\"@id\":\"https:\/\/sailing-albania.com\/#website\"},\"datePublished\":\"2022-06-20T20:04:12+00:00\",\"dateModified\":\"2022-07-27T09:23:37+00:00\",\"breadcrumb\":{\"@id\":\"https:\/\/sailing-albania.com\/?product=day-trip#breadcrumb\"},\"inLanguage\":\"en-US\",\"potentialAction\":[{\"@type\":\"ReadAction\",\"target\":[\"https:\/\/sailing-albania.com\/?product=day-trip\"]}]},{\"@type\":\"BreadcrumbList\",\"@id\":\"https:\/\/sailing-albania.com\/?product=day-trip#breadcrumb\",\"itemListElement\":[{\"@type\":\"ListItem\",\"position\":1,\"name\":\"Home\",\"item\":\"https:\/\/sailing-albania.com\/\"},{\"@type\":\"ListItem\",\"position\":2,\"name\":\"Sklep\",\"item\":\"https:\/\/sailing-albania.com\/?page_id=9\"},{\"@type\":\"ListItem\",\"position\":3,\"name\":\"Day Trip 10:00 &#8211; 14:00\"}]}]}<\/script>\n<!-- \/ Yoast SEO plugin. -->","yoast_head_json":{"title":"Day Trip 10:00 - 14:00 - Sailing Albania","robots":{"index":"index","follow":"follow","max-snippet":"max-snippet:-1","max-image-preview":"max-image-preview:large","max-video-preview":"max-video-preview:-1"},"canonical":"https:\/\/sailing-albania.com\/?product=day-trip","og_locale":"en_US","og_type":"article","og_title":"Day Trip 10:00 - 14:00 - Sailing Albania","og_description":"MORNING CRUISE 10:00 - 14:00.  STARTING POINTS:  Tuesday-Wednesday-Thursday: Hotel KLAJDI (Golem)  Friday-Saturday: Hotel BRILLIANT (Qerret)  Sunday-Monday: Plazh (next to Royal G and Palace)  MIEJSCA STARTU:  Wtorek-\u015broda-czwartek: hotel Klajdi (Golem)  pi\u0105tek-sobota: hotel Brilliant (Qerret)  niedziela-poniedzia\u0142ek: Plazh","og_url":"https:\/\/sailing-albania.com\/?product=day-trip","og_site_name":"Sailing Albania","article_modified_time":"2022-07-27T09:23:37+00:00","og_image":[{"width":2560,"height":1440,"url":"https:\/\/sailing-albania.com\/wp-content\/uploads\/2022\/06\/meritt-thomas-KTYjVDmN4A4-unsplash_optimized-scaled.jpg","type":"image\/jpeg"}],"twitter_card":"summary_large_image","twitter_misc":{"Est. reading time":"2 minutes"},"schema":{"@context":"https:\/\/schema.org","@graph":[{"@type":"WebSite","@id":"https:\/\/sailing-albania.com\/#website","url":"https:\/\/sailing-albania.com\/","name":"Sailing Albania","description":"Sailing trips in Albania","potentialAction":[{"@type":"SearchAction","target":{"@type":"EntryPoint","urlTemplate":"https:\/\/sailing-albania.com\/?s={search_term_string}"},"query-input":"required name=search_term_string"}],"inLanguage":"en-US"},{"@type":"WebPage","@id":"https:\/\/sailing-albania.com\/?product=day-trip","url":"https:\/\/sailing-albania.com\/?product=day-trip","name":"Day Trip 10:00 - 14:00 - Sailing Albania","isPartOf":{"@id":"https:\/\/sailing-albania.com\/#website"},"datePublished":"2022-06-20T20:04:12+00:00","dateModified":"2022-07-27T09:23:37+00:00","breadcrumb":{"@id":"https:\/\/sailing-albania.com\/?product=day-trip#breadcrumb"},"inLanguage":"en-US","potentialAction":[{"@type":"ReadAction","target":["https:\/\/sailing-albania.com\/?product=day-trip"]}]},{"@type":"BreadcrumbList","@id":"https:\/\/sailing-albania.com\/?product=day-trip#breadcrumb","itemListElement":[{"@type":"ListItem","position":1,"name":"Home","item":"https:\/\/sailing-albania.com\/"},{"@type":"ListItem","position":2,"name":"Sklep","item":"https:\/\/sailing-albania.com\/?page_id=9"},{"@type":"ListItem","position":3,"name":"Day Trip 10:00 &#8211; 14:00"}]}]}},"_links":{"self":[{"href":"https:\/\/sailing-albania.com\/index.php?rest_route=\/wp\/v2\/product\/17","targetHints":{"allow":["GET"]}}],"collection":[{"href":"https:\/\/sailing-albania.com\/index.php?rest_route=\/wp\/v2\/product"}],"about":[{"href":"https:\/\/sailing-albania.com\/index.php?rest_route=\/wp\/v2\/types\/product"}],"wp:featuredmedia":[{"embeddable":true,"href":"https:\/\/sailing-albania.com\/index.php?rest_route=\/wp\/v2\/media\/42"}],"wp:attachment":[{"href":"https:\/\/sailing-albania.com\/index.php?rest_route=%2Fwp%2Fv2%2Fmedia&parent=17"}],"wp:term":[{"taxonomy":"product_cat","embeddable":true,"href":"https:\/\/sailing-albania.com\/index.php?rest_route=%2Fwp%2Fv2%2Fproduct_cat&post=17"},{"taxonomy":"product_tag","embeddable":true,"href":"https:\/\/sailing-albania.com\/index.php?rest_route=%2Fwp%2Fv2%2Fproduct_tag&post=17"}],"curies":[{"name":"wp","href":"https:\/\/api.w.org\/{rel}","templated":true}]}}